{"id":397,"date":"2024-05-15T14:39:17","date_gmt":"2024-05-15T14:39:17","guid":{"rendered":"https:\/\/www.devbi1j.co.nl\/?page_id=397"},"modified":"2024-11-16T21:06:40","modified_gmt":"2024-11-16T21:06:40","slug":"au-sujet-de-la-bible-en-un-an","status":"publish","type":"page","link":"https:\/\/www.biblein1year.org\/fr\/over-bi1j\/over-bijbel-in-een-jaar\/","title":{"rendered":"Au sujet de la Bible en 1 an"},"content":{"rendered":"<div id='av_section_1'  class='avia-section av-18adol-1240db3ec56b154cb8b8458e86e68fa4 main_color avia-section-default avia-shadow  avia-builder-el-0  el_before_av_section  avia-builder-el-first  avia-bg-style-scroll container_wrap fullsize'  ><div class='container av-section-cont-open' ><main  role=\"main\" itemprop=\"mainContentOfPage\"  class='template-page content  av-content-full alpha units'><div class='post-entry post-entry-type-page post-entry-397'><div class='entry-content-wrapper clearfix'>\n<div  class='flex_column av-12btx1-d55f10e54641aaecaac4941531c3632c av_one_third  avia-builder-el-1  el_before_av_two_third  avia-builder-el-first  first av-break-at-tablet flex_column_div'     ><p>\n<style type=\"text\/css\" data-created_by=\"avia_inline_auto\" id=\"style-css-av-lw7wyh31-06e3798ec02f2062a3808901b785e9bc\">\n#top .av-special-heading.av-lw7wyh31-06e3798ec02f2062a3808901b785e9bc{\nmargin:5px 0 0 0;\npadding-bottom:10px;\n}\nbody .av-special-heading.av-lw7wyh31-06e3798ec02f2062a3808901b785e9bc .av-special-heading-tag .heading-char{\nfont-size:25px;\n}\n.av-special-heading.av-lw7wyh31-06e3798ec02f2062a3808901b785e9bc .av-subheading{\nfont-size:15px;\n}\n<\/style>\n<div  class='av-special-heading av-lw7wyh31-06e3798ec02f2062a3808901b785e9bc av-special-heading-h2 blockquote modern-quote modern-right  avia-builder-el-2  el_before_av_hr  avia-builder-el-first'><h2 class='av-special-heading-tag'  itemprop=\"headline\"  >La Bible en 1 an<\/h2><div class=\"special-heading-border\"><div class=\"special-heading-inner-border\"><\/div><\/div><\/div><br \/>\n\n<style type=\"text\/css\" data-created_by=\"avia_inline_auto\" id=\"style-css-av-x4wr1-1f3a0777d018283f4468e99483b0b72f\">\n#top .hr.hr-invisible.av-x4wr1-1f3a0777d018283f4468e99483b0b72f{\nmargin-top:-10px;\nheight:1px;\n}\n<\/style>\n<div  class='hr av-x4wr1-1f3a0777d018283f4468e99483b0b72f hr-invisible  avia-builder-el-3  el_after_av_heading  el_before_av_hr'><span class='hr-inner'><span class=\"hr-inner-style\"><\/span><\/span><\/div><br \/>\n<div  class='hr av-oxdv1-6b0a884243b9a878991e36409feab3e0 hr-short  avia-builder-el-4  el_after_av_hr  el_before_av_textblock  hr-right'><span class='hr-inner'><span class=\"hr-inner-style\"><\/span><\/span><\/div><br \/>\n\n<style type=\"text\/css\" data-created_by=\"avia_inline_auto\" id=\"style-css-av-kvjv1-aa35f954d9f48c223b9991b9d6a54912\">\n#top .av_textblock_section.av-kvjv1-aa35f954d9f48c223b9991b9d6a54912 .avia_textblock{\ntext-align:right;\n}\n<\/style>\n<section  class='av_textblock_section av-kvjv1-aa35f954d9f48c223b9991b9d6a54912'   itemscope=\"itemscope\" itemtype=\"https:\/\/schema.org\/CreativeWork\" ><div class='avia_textblock'  itemprop=\"text\" ><p>La Fondation Bible en un an ( en cours de cr\u00e9ation) veut stimuler une communaut\u00e9 internationale de volontaires, de traducteurs, de conf\u00e9renciers, de chefs de projets, de constructeurs de sites internet et de lecteurs de la Bible.<br \/>\nLe but de cette fondation est d\u2019encourager les personnes \u00e0 lire toute la Bible en un an et ainsi \u00e0 mieux la conna\u00eetre.<\/p>\n<p>La Fondation souscrit au <strong><span style=\"text-decoration: underline;\"><a href=\"https:\/\/fr.wikipedia.org\/wiki\/Symbole_des_aptres#:~:text=LeSymboledesAptresest,inspirationdel&#039;EspritSaint.\">Symbole des Ap\u00f4tres<\/a><\/span><\/strong>, base la plus simple et la plus largement reconnue de la religion chr\u00e9tienne, dont le texte a \u00e9t\u00e9 \u00e9crit vers l\u2019an 170.<\/p>\n<p>Les lecteurs ayant d\u00e9j\u00e0 particip\u00e9  viennent d\u2019horizons tr\u00e8s divers, avec des motivations d\u2019ordre culturel, religieux ou dans une recherche du sens de la vie.<\/p>\n<\/div><\/section><\/p><\/div><div  class='flex_column av-cyf79-94b14025cbf4f798766e4e72d687c304 av_two_third  avia-builder-el-6  el_after_av_one_third  avia-builder-el-last  av-break-at-tablet flex_column_div'     ><p><div  id=\"avia-timeline-1\"  class='avia-timeline-container av-lw7ww9ru-2bb653fac3a8f97232cd5d1726679c41 av-slideshow-ui  avia-builder-el-7  el_before_av_hr  avia-builder-el-first' ><ul class='avia-timeline avia-timeline-vertical av-milestone-placement-left avia-timeline- avia_animate_when_almost_visible'>\n<li  class='av-milestone av-lw7wt6iw-7f694364731aeb29d5cf7eaaa38702e0 av-animated-generic fade-in av-milestone-valign-middle av-milestone-odd'><h2 class='av-milestone-date' id='milestone-' aria-hidden='true' tabindex='-1'><strong><span class='av-milestone-indicator'><\/span><\/strong><\/h2><div class=\"av-milestone-icon-wrap\"><span class='av-milestone-icon milestone_icon avia-font-entypo-fontello'><span class='av-milestone-icon-inner milestone_inner'><i class='milestone-char' aria-hidden='true' data-av_icon='\ue856' data-av_iconfont='entypo-fontello'><\/i><\/span><\/span><\/div><article class='av-milestone-content-wrap'><div class='av-milestone-contentbox'><header class=\"entry-content-header\" aria-label=\"Milestone: Het ontstaan\"><h4 class='av-milestone-title'>Comment cela a commenc\u00e9<\/h4><\/header><div class='av-milestone-content'><p>En 2005, \u00e0 Houten aux Pays-Bas, un groupe de jeunes, certains engag\u00e9s dans leur paroisse, d\u2019autres venus d\u2019ailleurs, ont  d\u00e9cid\u00e9, plein d\u2019enthousiasme, de lire la Bible ensemble en un an. Par la suite, ont \u00e9t\u00e9  cr\u00e9\u00e9s toutes sortes de mat\u00e9riaux pour mieux aider \u00e0 comprendre le texte.<\/p>\n<\/div><\/div><footer class='av-milestone-article-footer entry-footer'><\/footer><\/article><\/li>\n<li  class='av-milestone av-lw7wuh62-4709e530ccd6b0bb093cef0a37cc1ee1 av-animated-generic fade-in av-milestone-valign-middle av-milestone-even'><h2 class='av-milestone-date' id='milestone-' aria-hidden='true' tabindex='-1'><strong><span class='av-milestone-indicator'><\/span><\/strong><\/h2><div class=\"av-milestone-icon-wrap\"><span class='av-milestone-icon milestone_icon avia-font-entypo-fontello'><span class='av-milestone-icon-inner milestone_inner'><i class='milestone-char' aria-hidden='true' data-av_icon='\ue809' data-av_iconfont='entypo-fontello'><\/i><\/span><\/span><\/div><article class='av-milestone-content-wrap'><div class='av-milestone-contentbox'><header class=\"entry-content-header\" aria-label=\"Milestone: Bijbel in 1 jaar is geboren\"><h4 class='av-milestone-title'>La Bible en 1 an est n\u00e9e<\/h4><\/header><div class='av-milestone-content'><p>Ces mat\u00e9riaux, (films et pr\u00e9sentations d\u2019intervenants sur des expos\u00e9s bibliques), sont rassembl\u00e9s et mis \u00e0 la disposition de chacun d\u00e9sirant, seul ou en groupe, lire la Bible en trois trimestres.<\/p>\n<\/div><\/div><footer class='av-milestone-article-footer entry-footer'><\/footer><\/article><\/li>\n<li  class='av-milestone av-6qlbx-bf58941fc98767d87039ab1ec1021fcb av-animated-generic fade-in av-milestone-valign-middle av-milestone-odd'><h2 class='av-milestone-date' id='milestone-' aria-hidden='true' tabindex='-1'><strong><span class='av-milestone-indicator'><\/span><\/strong><\/h2><div class=\"av-milestone-icon-wrap\"><span class='av-milestone-icon milestone_icon avia-font-entypo-fontello'><span class='av-milestone-icon-inner milestone_inner'><i class='milestone-char' aria-hidden='true' data-av_icon='\ue8b1' data-av_iconfont='entypo-fontello'><\/i><\/span><\/span><\/div><article class='av-milestone-content-wrap'><div class='av-milestone-contentbox'><header class=\"entry-content-header\" aria-label=\"Milestone: We blijven groeien\"><h4 class='av-milestone-title'>Nous continuons \u00e0 grandir<\/h4><\/header><div class='av-milestone-content'><p>Actuellement il existe dans plusieurs endroits aux Pays-Bas ainsi qu\u2019en France des groupes actifs lisant la Bible en 1 an.<\/p>\n<\/div><\/div><footer class='av-milestone-article-footer entry-footer'><\/footer><\/article><\/li>\n<\/ul><\/div><br \/>\n\n<style type=\"text\/css\" data-created_by=\"avia_inline_auto\" id=\"style-css-av-m0auctol-74a661946ffad1ba4b4ee3b19eb8b3bf\">\n#top .hr.hr-invisible.av-m0auctol-74a661946ffad1ba4b4ee3b19eb8b3bf{\nmargin-top:-50px;\nheight:1px;\n}\n<\/style>\n<div  class='hr av-m0auctol-74a661946ffad1ba4b4ee3b19eb8b3bf hr-invisible  avia-builder-el-8  el_after_av_timeline  avia-builder-el-last  av-desktop-hide'><span class='hr-inner'><span class=\"hr-inner-style\"><\/span><\/span><\/div><\/p><\/div><\/div><\/div><\/main><!-- close content main element --><\/div><\/div>\n<style type=\"text\/css\" data-created_by=\"avia_inline_auto\" id=\"style-css-av-lw7wzedp-b7e8b3691af566d54adb282e67c1781a\">\n.avia-section.av-lw7wzedp-b7e8b3691af566d54adb282e67c1781a{\nbackground-color:#f8f8f8;\nbackground-image:unset;\n}\n<\/style>\n<div id='av_section_2'  class='avia-section av-lw7wzedp-b7e8b3691af566d54adb282e67c1781a main_color avia-section-default avia-shadow  avia-builder-el-9  el_after_av_section  avia-builder-el-last  avia-bg-style-scroll container_wrap fullsize'  ><div class='container av-section-cont-open' ><div class='template-page content  av-content-full alpha units'><div class='post-entry post-entry-type-page post-entry-397'><div class='entry-content-wrapper clearfix'>\n\n<style type=\"text\/css\" data-created_by=\"avia_inline_auto\" id=\"style-css-av-lw7x70g5-ca14a2c8950fb111d88b696fe1b74890\">\n#top .flex_column.av-lw7x70g5-ca14a2c8950fb111d88b696fe1b74890{\nmargin-top:0px;\nmargin-bottom:0px;\n}\n.responsive #top #wrap_all .flex_column.av-lw7x70g5-ca14a2c8950fb111d88b696fe1b74890{\nmargin-top:0px;\nmargin-bottom:0px;\n}\n<\/style>\n<div  class='flex_column av-lw7x70g5-ca14a2c8950fb111d88b696fe1b74890 av_one_full  avia-builder-el-10  avia-builder-el-no-sibling  first flex_column_div'     ><p>\n<style type=\"text\/css\" data-created_by=\"avia_inline_auto\" id=\"style-css-av-lw7xf6ln-7646b84bfb4eed51cb38d30d6f9439b3\">\n#top .av-special-heading.av-lw7xf6ln-7646b84bfb4eed51cb38d30d6f9439b3{\nmargin:10px 0 5px 0;\npadding-bottom:10px;\n}\nbody .av-special-heading.av-lw7xf6ln-7646b84bfb4eed51cb38d30d6f9439b3 .av-special-heading-tag .heading-char{\nfont-size:25px;\n}\n.av-special-heading.av-lw7xf6ln-7646b84bfb4eed51cb38d30d6f9439b3 .av-subheading{\nfont-size:15px;\n}\n<\/style>\n<div  class='av-special-heading av-lw7xf6ln-7646b84bfb4eed51cb38d30d6f9439b3 av-special-heading-h2 blockquote modern-quote modern-centered  avia-builder-el-11  el_before_av_table  avia-builder-el-first'><h2 class='av-special-heading-tag'  itemprop=\"headline\"  >Qui sommes-nous?<\/h2><div class=\"special-heading-border\"><div class=\"special-heading-inner-border\"><\/div><\/div><\/div><br \/>\n<div class='avia-data-table-wrap av-55ot31-05e74a3a465b9dcf56ffa399c31826d0 avia_scrollable_table avia-table-1'><table  class='avia-table avia-data-table avia_pricing_minimal  avia-builder-el-12  el_after_av_heading  el_before_av_hr'  itemscope=\"itemscope\" itemtype=\"https:\/\/schema.org\/Table\" ><tbody><tr class='avia-heading-row'><th class=''>Conseil de fondation<\/th><th class=''>D\u00e9veloppeurs web<\/th><th class=''>R\u00e9daction web<\/th><th class=''>Traducteurs<\/th><th class=''>Co-initiateurs<\/th><\/tr><tr class=''><td class=''><a href=\"https:\/\/www.linkedin.com\/in\/martinoptland\/\">Martin Op \u2019t Land<\/a><br \/>\n(pr\u00e9sident)<\/td><td class=''><a href=\"https:\/\/www.hermanbergwerf.com\">Herman Bergwerf<\/a><\/td><td class=''>Nethanja van Baalen<\/td><td class=''>Marie-Christine de Bruin-Arnera<\/td><td class=''>Carla Heijtink<\/td><\/tr><tr class=''><td class=''>secr\u00e9taire (vacance)<\/td><td class=''>Ivo Filot<\/td><td class=''>Sifra Baayen<\/td><td class=''><a href=\"https:\/\/www.linkedin.com\/in\/pietermichiels\/\">Pieter Michiels<\/a><\/td><td class=''><a href=\"https:\/\/www.linkedin.com\/in\/nynke-dijkstra-45755115\/\">Nynke Dijkstra<\/a><\/td><\/tr><tr class=''><td class=''>tr\u00e9sorier (vacance)<\/td><td class=''>Sjoerd Op \u2019t Land<\/td><td class=''>Henk Nijhoff<\/td><td class=''>Ruth Snetselaer<\/td><td class=''><\/td><\/tr><tr class=''><td class=''><\/td><td class=''>Kees Verhaar<\/td><td class=''><\/td><td class=''>Maria Vlieger (in NL: Riet Vlieger)<\/td><td class=''><\/td><\/tr><\/tbody><\/table><\/div><br \/>\n\n<style type=\"text\/css\" data-created_by=\"avia_inline_auto\" id=\"style-css-av-lw7xg3f7-0cf131f5889ef39355fa44737696a8f6\">\n#top .hr.hr-invisible.av-lw7xg3f7-0cf131f5889ef39355fa44737696a8f6{\nheight:1px;\n}\n<\/style>\n<div  class='hr av-lw7xg3f7-0cf131f5889ef39355fa44737696a8f6 hr-invisible  avia-builder-el-13  el_after_av_table  avia-builder-el-last'><span class='hr-inner'><span class=\"hr-inner-style\"><\/span><\/span><\/div><\/p><\/div>\n<\/p>","protected":false},"excerpt":{"rendered":"","protected":false},"author":2,"featured_media":0,"parent":441,"menu_order":0,"comment_status":"closed","ping_status":"closed","template":"","meta":{"footnotes":""},"class_list":["post-397","page","type-page","status-publish","hentry"],"yoast_head":"<!-- This site is optimized with the Yoast SEO plugin v27.5 - https:\/\/yoast.com\/product\/yoast-seo-wordpress\/ -->\n<title>Over Bijbel in 1 jaar - Bijbel in 1 jaar<\/title>\n<meta name=\"robots\" content=\"index, follow, max-snippet:-1, max-image-preview:large, max-video-preview:-1\" \/>\n<link rel=\"canonical\" href=\"https:\/\/www.biblein1year.org\/fr\/au-sujet-de-la-be1a\/au-sujet-de-la-bible-en-un-an\/\" \/>\n<meta property=\"og:locale\" content=\"fr_FR\" \/>\n<meta property=\"og:type\" content=\"article\" \/>\n<meta property=\"og:title\" content=\"Over Bijbel in 1 jaar - Bijbel in 1 jaar\" \/>\n<meta property=\"og:url\" content=\"https:\/\/www.biblein1year.org\/fr\/au-sujet-de-la-be1a\/au-sujet-de-la-bible-en-un-an\/\" \/>\n<meta property=\"og:site_name\" content=\"Bijbel in 1 jaar\" \/>\n<meta property=\"article:modified_time\" content=\"2024-11-16T21:06:40+00:00\" \/>\n<meta name=\"twitter:card\" content=\"summary_large_image\" \/>\n<meta name=\"twitter:label1\" content=\"Dur\u00e9e de lecture estim\u00e9e\" \/>\n\t<meta name=\"twitter:data1\" content=\"2 minutes\" \/>\n<script type=\"application\/ld+json\" class=\"yoast-schema-graph\">{\"@context\":\"https:\\\/\\\/schema.org\",\"@graph\":[{\"@type\":\"WebPage\",\"@id\":\"https:\\\/\\\/www.biblein1year.org\\\/over-bi1j\\\/over-bijbel-in-een-jaar\\\/\",\"url\":\"https:\\\/\\\/www.biblein1year.org\\\/over-bi1j\\\/over-bijbel-in-een-jaar\\\/\",\"name\":\"Over Bijbel in 1 jaar - Bijbel in 1 jaar\",\"isPartOf\":{\"@id\":\"https:\\\/\\\/www.biblein1year.org\\\/#website\"},\"datePublished\":\"2024-05-15T14:39:17+00:00\",\"dateModified\":\"2024-11-16T21:06:40+00:00\",\"breadcrumb\":{\"@id\":\"https:\\\/\\\/www.biblein1year.org\\\/over-bi1j\\\/over-bijbel-in-een-jaar\\\/#breadcrumb\"},\"inLanguage\":\"fr-FR\",\"potentialAction\":[{\"@type\":\"ReadAction\",\"target\":[\"https:\\\/\\\/www.biblein1year.org\\\/over-bi1j\\\/over-bijbel-in-een-jaar\\\/\"]}]},{\"@type\":\"BreadcrumbList\",\"@id\":\"https:\\\/\\\/www.biblein1year.org\\\/over-bi1j\\\/over-bijbel-in-een-jaar\\\/#breadcrumb\",\"itemListElement\":[{\"@type\":\"ListItem\",\"position\":1,\"name\":\"Home\",\"item\":\"https:\\\/\\\/www.biblein1year.org\\\/\"},{\"@type\":\"ListItem\",\"position\":2,\"name\":\"Over Bi1j\",\"item\":\"https:\\\/\\\/www.biblein1year.org\\\/over-bi1j\\\/\"},{\"@type\":\"ListItem\",\"position\":3,\"name\":\"Over Bijbel in 1 jaar\"}]},{\"@type\":\"WebSite\",\"@id\":\"https:\\\/\\\/www.biblein1year.org\\\/#website\",\"url\":\"https:\\\/\\\/www.biblein1year.org\\\/\",\"name\":\"Bijbel in 1 jaar\",\"description\":\"\",\"potentialAction\":[{\"@type\":\"SearchAction\",\"target\":{\"@type\":\"EntryPoint\",\"urlTemplate\":\"https:\\\/\\\/www.biblein1year.org\\\/?s={search_term_string}\"},\"query-input\":{\"@type\":\"PropertyValueSpecification\",\"valueRequired\":true,\"valueName\":\"search_term_string\"}}],\"inLanguage\":\"fr-FR\"}]}<\/script>\n<!-- \/ Yoast SEO plugin. -->","yoast_head_json":{"title":"Au sujet de la Bible en 1 an - La Bible en 1 an","robots":{"index":"index","follow":"follow","max-snippet":"max-snippet:-1","max-image-preview":"max-image-preview:large","max-video-preview":"max-video-preview:-1"},"canonical":"https:\/\/www.biblein1year.org\/fr\/au-sujet-de-la-be1a\/au-sujet-de-la-bible-en-un-an\/","og_locale":"fr_FR","og_type":"article","og_title":"Over Bijbel in 1 jaar - Bijbel in 1 jaar","og_url":"https:\/\/www.biblein1year.org\/fr\/au-sujet-de-la-be1a\/au-sujet-de-la-bible-en-un-an\/","og_site_name":"Bijbel in 1 jaar","article_modified_time":"2024-11-16T21:06:40+00:00","twitter_card":"summary_large_image","twitter_misc":{"Dur\u00e9e de lecture estim\u00e9e":"2 minutes"},"schema":{"@context":"https:\/\/schema.org","@graph":[{"@type":"WebPage","@id":"https:\/\/www.biblein1year.org\/over-bi1j\/over-bijbel-in-een-jaar\/","url":"https:\/\/www.biblein1year.org\/over-bi1j\/over-bijbel-in-een-jaar\/","name":"Au sujet de la Bible en 1 an - La Bible en 1 an","isPartOf":{"@id":"https:\/\/www.biblein1year.org\/#website"},"datePublished":"2024-05-15T14:39:17+00:00","dateModified":"2024-11-16T21:06:40+00:00","breadcrumb":{"@id":"https:\/\/www.biblein1year.org\/over-bi1j\/over-bijbel-in-een-jaar\/#breadcrumb"},"inLanguage":"fr-FR","potentialAction":[{"@type":"ReadAction","target":["https:\/\/www.biblein1year.org\/over-bi1j\/over-bijbel-in-een-jaar\/"]}]},{"@type":"BreadcrumbList","@id":"https:\/\/www.biblein1year.org\/over-bi1j\/over-bijbel-in-een-jaar\/#breadcrumb","itemListElement":[{"@type":"ListItem","position":1,"name":"Home","item":"https:\/\/www.biblein1year.org\/"},{"@type":"ListItem","position":2,"name":"Over Bi1j","item":"https:\/\/www.biblein1year.org\/over-bi1j\/"},{"@type":"ListItem","position":3,"name":"Over Bijbel in 1 jaar"}]},{"@type":"WebSite","@id":"https:\/\/www.biblein1year.org\/#website","url":"https:\/\/www.biblein1year.org\/","name":"La Bible en 1 an","description":"","potentialAction":[{"@type":"SearchAction","target":{"@type":"EntryPoint","urlTemplate":"https:\/\/www.biblein1year.org\/?s={search_term_string}"},"query-input":{"@type":"PropertyValueSpecification","valueRequired":true,"valueName":"search_term_string"}}],"inLanguage":"fr-FR"}]}},"_links":{"self":[{"href":"https:\/\/www.biblein1year.org\/fr\/wp-json\/wp\/v2\/pages\/397","targetHints":{"allow":["GET"]}}],"collection":[{"href":"https:\/\/www.biblein1year.org\/fr\/wp-json\/wp\/v2\/pages"}],"about":[{"href":"https:\/\/www.biblein1year.org\/fr\/wp-json\/wp\/v2\/types\/page"}],"author":[{"embeddable":true,"href":"https:\/\/www.biblein1year.org\/fr\/wp-json\/wp\/v2\/users\/2"}],"replies":[{"embeddable":true,"href":"https:\/\/www.biblein1year.org\/fr\/wp-json\/wp\/v2\/comments?post=397"}],"version-history":[{"count":16,"href":"https:\/\/www.biblein1year.org\/fr\/wp-json\/wp\/v2\/pages\/397\/revisions"}],"predecessor-version":[{"id":722,"href":"https:\/\/www.biblein1year.org\/fr\/wp-json\/wp\/v2\/pages\/397\/revisions\/722"}],"up":[{"embeddable":true,"href":"https:\/\/www.biblein1year.org\/fr\/wp-json\/wp\/v2\/pages\/441"}],"wp:attachment":[{"href":"https:\/\/www.biblein1year.org\/fr\/wp-json\/wp\/v2\/media?parent=397"}],"curies":[{"name":"wp","href":"https:\/\/api.w.org\/{rel}","templated":true}]}}