{"id":191,"date":"2024-05-15T09:56:37","date_gmt":"2024-05-15T09:56:37","guid":{"rendered":"https:\/\/www.devbi1j.co.nl\/?page_id=191"},"modified":"2024-11-16T21:27:38","modified_gmt":"2024-11-16T21:27:38","slug":"un-participant-a-ecrit","status":"publish","type":"page","link":"https:\/\/www.biblein1year.org\/fr\/ervaringen\/een-deelnemer-schreef\/","title":{"rendered":"Een deelnemer schreef &#8230;"},"content":{"rendered":"<div  class='flex_column av-op66f-92c8529d08f2da9c8e38238c253ca0f7 av_one_fifth  avia-builder-el-0  el_before_av_three_fifth  avia-builder-el-first  first flex_column_div'     ><\/div>\n\n<style type=\"text\/css\" data-created_by=\"avia_inline_auto\" id=\"style-css-av-jmg8v-e054bb77f8f952bcd191d212399085a2\">\n.flex_column.av-jmg8v-e054bb77f8f952bcd191d212399085a2{\nbackground-color:#f8f8f8;\n}\n\n@media only screen and (min-width: 990px){ \n.flex_column.av-jmg8v-e054bb77f8f952bcd191d212399085a2{\npadding:50px 75px 50px 75px;\n}\n}\n\n@media only screen and (min-width: 768px) and (max-width: 989px){ \n.flex_column.av-jmg8v-e054bb77f8f952bcd191d212399085a2{\npadding:50px 75px 50px 75px;\n}\n}\n\n@media only screen and (min-width: 480px) and (max-width: 767px){ \n.flex_column.av-jmg8v-e054bb77f8f952bcd191d212399085a2{\npadding:25px 50px 25px 50px;\n}\n}\n\n@media only screen and (max-width: 479px){ \n.flex_column.av-jmg8v-e054bb77f8f952bcd191d212399085a2{\npadding:25px 50px 25px 50px;\n}\n}\n<\/style>\n<div  class='flex_column av-jmg8v-e054bb77f8f952bcd191d212399085a2 av_three_fifth  avia-builder-el-1  el_after_av_one_fifth  el_before_av_one_fifth  flex_column_div'     ><section  class='av_textblock_section av-lw7ooubn-b73b1f1f72b7150f56c21b0cdfa6068e'   itemscope=\"itemscope\" itemtype=\"https:\/\/schema.org\/CreativeWork\" ><div class='avia_textblock'  itemprop=\"text\" ><p>Agnes van der Veen a publi\u00e9 un article (en N\u00e9erlandais) dans le journal <strong>idea<\/strong> -\u00a0<strong><span style=\"text-decoration: underline;\"><a href=\"\/wp-content\/uploads\/2024\/05\/Jongeren-lezen-hele-Bijbel-door.pdf\">Jongeren lezen hele Bijbel door<\/a><\/span> <\/strong>- sur les exp\u00e9riences v\u00e9cues par le premier groupe \u00e0 Houten ( 2005-2006) qui ont lu la Bible en 1 an.<\/p>\n<\/div><\/section><\/div>\n<div  class='flex_column av-1ght3-73f1ff26f9e8de8fc2fcb99f711e6095 av_one_fifth  avia-builder-el-3  el_after_av_three_fifth  el_before_av_hr  flex_column_div'     ><\/div>\n\n<style type=\"text\/css\" data-created_by=\"avia_inline_auto\" id=\"style-css-av-lw7n7e7s-1860eda1e711401352e1104dff778f59\">\n#top .hr.hr-invisible.av-lw7n7e7s-1860eda1e711401352e1104dff778f59{\nheight:15px;\n}\n<\/style>\n<div  class='hr av-lw7n7e7s-1860eda1e711401352e1104dff778f59 hr-invisible  avia-builder-el-4  el_after_av_one_fifth  el_before_av_hr'><span class='hr-inner'><span class=\"hr-inner-style\"><\/span><\/span><\/div>\n\n<style type=\"text\/css\" data-created_by=\"avia_inline_auto\" id=\"style-css-av-m3koh0sx-766fe833653e6c33d688075bcef519d1\">\n#top .hr.hr-invisible.av-m3koh0sx-766fe833653e6c33d688075bcef519d1{\nheight:25px;\n}\n<\/style>\n<div  class='hr av-m3koh0sx-766fe833653e6c33d688075bcef519d1 hr-invisible  avia-builder-el-5  el_after_av_hr  el_before_av_one_full  av-small-hide av-mini-hide'><span class='hr-inner'><span class=\"hr-inner-style\"><\/span><\/span><\/div>\n\n<style type=\"text\/css\" data-created_by=\"avia_inline_auto\" id=\"style-css-av-fa45r-23a90809fcc72393c3cad428c1b45af5\">\n#top .flex_column.av-fa45r-23a90809fcc72393c3cad428c1b45af5{\nmargin-top:0px;\nmargin-bottom:0px;\n}\n.responsive #top #wrap_all .flex_column.av-fa45r-23a90809fcc72393c3cad428c1b45af5{\nmargin-top:0px;\nmargin-bottom:0px;\n}\n\n@media only screen and (min-width: 990px){ \n.flex_column.av-fa45r-23a90809fcc72393c3cad428c1b45af5{\npadding:0 100px 0 100px;\n}\n}\n\n@media only screen and (min-width: 768px) and (max-width: 989px){ \n.flex_column.av-fa45r-23a90809fcc72393c3cad428c1b45af5{\npadding:0 50px 0 50px;\n}\n}\n\n@media only screen and (min-width: 480px) and (max-width: 767px){ \n.flex_column.av-fa45r-23a90809fcc72393c3cad428c1b45af5{\npadding:0 50px 0 50px;\n}\n}\n<\/style>\n<div  class='flex_column av-fa45r-23a90809fcc72393c3cad428c1b45af5 av_one_full  avia-builder-el-6  el_after_av_hr  avia-builder-el-last  first flex_column_div'     ><p>\n<style type=\"text\/css\" data-created_by=\"avia_inline_auto\" id=\"style-css-av-lw7mzjn0-9877bc744d45fab2b0cc2eeaec63552e\">\n#top .av-special-heading.av-lw7mzjn0-9877bc744d45fab2b0cc2eeaec63552e{\nmargin:10px 0 5px 0;\npadding-bottom:10px;\n}\nbody .av-special-heading.av-lw7mzjn0-9877bc744d45fab2b0cc2eeaec63552e .av-special-heading-tag .heading-char{\nfont-size:25px;\n}\n.av-special-heading.av-lw7mzjn0-9877bc744d45fab2b0cc2eeaec63552e .av-subheading{\nfont-size:15px;\n}\n<\/style>\n<div  class='av-special-heading av-lw7mzjn0-9877bc744d45fab2b0cc2eeaec63552e av-special-heading-h2 blockquote modern-quote  avia-builder-el-7  el_before_av_hr  avia-builder-el-first'><h2 class='av-special-heading-tag'  itemprop=\"headline\"  >Jongeren lezen hele Bijbel door<\/h2><div class=\"special-heading-border\"><div class=\"special-heading-inner-border\"><\/div><\/div><\/div><br \/>\n\n<style type=\"text\/css\" data-created_by=\"avia_inline_auto\" id=\"style-css-av-bey4n-1c615080d64e5f70ca9cf3395175d22f\">\n#top .hr.hr-invisible.av-bey4n-1c615080d64e5f70ca9cf3395175d22f{\nheight:5px;\n}\n<\/style>\n<div  class='hr av-bey4n-1c615080d64e5f70ca9cf3395175d22f hr-invisible  avia-builder-el-8  el_after_av_heading  el_before_av_textblock'><span class='hr-inner'><span class=\"hr-inner-style\"><\/span><\/span><\/div><br \/>\n\n<style type=\"text\/css\" data-created_by=\"avia_inline_auto\" id=\"style-css-av-lw7n5bmh-3f3cbe1e573f20c735234b706d79acee\">\n#top .av_textblock_section.av-lw7n5bmh-3f3cbe1e573f20c735234b706d79acee .avia_textblock{\nfont-size:16px;\ncolor:#333333;\n}\n<\/style>\n<section  class='av_textblock_section av-lw7n5bmh-3f3cbe1e573f20c735234b706d79acee'   itemscope=\"itemscope\" itemtype=\"https:\/\/schema.org\/CreativeWork\" ><div class='avia_textblock av_inherit_color'  itemprop=\"text\" ><p><strong>De Bijbel, het Woord van God, zou iedereen eigenlijk een keer gelezen moeten hebben, vinden zowel kerkelijke als niet-kerkelijke mensen. Er wordt dan ook veel moeite gedaan om zoveel mogelijk mensen te voorzien van een Bijbel. Maar hoe zit het met onze eigen bijbelkennis? Veel christelijke jongeren komen thuis, op school en in de kerk veelvuldig in aanraking met bijbelverhalen. Maar omdat ze steeds dezelfde verhalen horen, hebben ze niet het idee dat ze de Bijbel echt kennen. Wie zelf de Bijbel leest in zijn geheel, loopt al gauw vast in wetten of geslachtsregisters en komt er dan niet meer uit. In Houten is hier iets op gevonden: de Bijbel-in-een-jaar cursus voor jongeren.<\/strong><\/p>\n<\/div><\/section><br \/>\n\n<style type=\"text\/css\" data-created_by=\"avia_inline_auto\" id=\"style-css-av-bmuun-ab0218c6661f3de579405dc3b2f3984c\">\n#top .hr.hr-invisible.av-bmuun-ab0218c6661f3de579405dc3b2f3984c{\nheight:5px;\n}\n<\/style>\n<div  class='hr av-bmuun-ab0218c6661f3de579405dc3b2f3984c hr-invisible  avia-builder-el-10  el_after_av_textblock  el_before_av_textblock'><span class='hr-inner'><span class=\"hr-inner-style\"><\/span><\/span><\/div><br \/>\n<section  class='av_textblock_section av-lw7nd7qc-67872aee73fe57ecd8b8cb41b2e1281f'   itemscope=\"itemscope\" itemtype=\"https:\/\/schema.org\/CreativeWork\" ><div class='avia_textblock'  itemprop=\"text\" ><p>De cursus is een initiatief van Martin op \u2019t Land en Coby Wattez. Beiden zijn geen theologen (respectievelijk wiskundige en psychologe), maar met een behoorlijke bijbelkennis, enthousiasme om dingen over te dragen en in gesprek te gaan met jongeren is het gelukt hun plan te realiseren. Op \u2019t Land en Wattez willen jongeren, die in \u00e9\u00e9n jaar de Bijbel helemaal willen lezen, helpen door in het studiejaar 2005-2006 eens in de week een \u2018aanvuuruur\u2019, oftewel \u2018bijbel-briefing\u2019 te organiseren, waarin ze terugblikken en het gelezen gedeelte plaatsen en toelichten. De jongeren gaan een heus <em>commitment<\/em> aan: ze lezen per week dertig bladzijden uit de Bijbel, maken \u00e9\u00e9n keer per kwartaal een samenvatting van zo\u2019n gedeelte en komen elke zaterdag naar het aanvuuruur. Wie twee keer mist stopt, net als degene die geen tijd meer heeft voor het lezen. Zo\u2019n <em>commitment<\/em> lijkt wat streng, maar de deelnemers krijgen er heel wat voor terug: een gelezen Bijbel, overzicht en inzicht in tijdlijnen en hoofdlijnen van de Bijbel en een beter idee van de koppeling met vandaag. En dat allemaal in \u00e9\u00e9n studiejaar.<\/p>\n<h3>Opzet<\/h3>\n<p>Het opzetten van de cursus heeft wel wat voeten in de aarde gehad. Het idee ontstond toen de jongeren die een jeugdkerk organiseren, meer behoefte kregen aan diepgang, maar uiteindelijk is de doelgroep uitgebreid naar alle jongeren in de leeftijd van vijftien tot dertig jaar, ongeacht hun niveau en (eventuele) kerkelijke achtergrond. Bij het opdelen van de Bijbel is dan ook rekening gehouden met het feit dat het voor iedereen aantrekkelijk moet zijn de Bijbel te blijven lezen. Er is gekozen voor een opzet met drie trimesters, zodat jongeren niet voor een al te lange tijd aan de cursus vastzitten. Ook krijgen deelnemers die afgehaakt zijn op deze manier snel weer een nieuwe kans. Omdat er drie trimesters van 39 weken zijn, moest de Bijbel in 39 delen opgedeeld worden. Op \u2019t Land en Wattez hebben ervoor gekozen de bijbelboeken grotendeels op de vaste volgorde te behandelen, maar er soms \u2018springend\u2019 doorheen te gaan: \u201c30 Psalmen in \u00e9\u00e9n week lezen is gewoon teveel, je hebt meer aan \u00e9\u00e9n per dag. En als je Deuteronomium na Genesis tot en met Numeri leest, voelt dat als herhaling van zetten; die komt daarom in het rooster vlak voor Hebree\u00ebn terug als opfrisser van de wet.\u201d<\/p>\n<h3>Oblaten<\/h3>\n<p>Om de grote lijn zo veel mogelijk vast te houden, krijgen de deelnemers in het aanvuuruur volop achtergrond en verbanden uitgelegd. Elke avond heeft een eigen thema, zoals \u2018de schepping\u2019, \u2018aartsvaders\/ moeders\u2019, \u2018de psalmen\u2019 of \u2018offers\u2019. Wat dit inhoudelijke deel betreft staan Op \u2019t Land en Wattez er niet alleen voor: vanuit de gemeente werd er enthousiast op het idee gereageerd en zo werden er al snel gastsprekers gevonden, die meer vertrouwd zijn met de grote lijn van gedeelten waar Op \u2018t Land minder in thuis is. Ook wordt er volop gebruik gemaakt van PowerPoint en is er een speciale website waarop de deelnemers alles nog eens kunnen nalezen. Minder op de voorgrond, maar even belangrijk zijn de volwassenen die achter de schermen hun steun betuigen, de zogenaamde <em>oblaten<\/em>. Oblaten waren in kloosters de leden die in plaats van een gelofte slechts een oblatie of toewijding aan de kloosteroverste aflegden. Net als de jongeren zijn de oblaten een <em>commitment<\/em> aangegaan. Zij bieden de helpende hand door op de achtergrond mee te lezen en zich beschikbaar te stellen voor vragen en gesprekken met de deelnemers. De oblatengroep bestaat uit zes mensen die stuk voor stuk nauw betrokken zijn bij de gemeente. Zij worden gedreven door de ervaring om het nieuwe project in al zijn mogelijkheden te beleven, te beoordelen en te helpen uitwerken, maar ook door bewondering voor de jongeren en toewijding om deze bijbellezers bij te staan. Een van de oblaten zegt: \u201cOblaten delen in de regelmaat van het kloosterritme. In die zin zie ik uit naar het rooster.\u201d<\/p>\n<h3>Meditatief lezen<\/h3>\n<p>Dat regelmaat inderdaad een belangrijk element is binnen de Bijbel-ineen-jaar cursus is tijdens de avonden, maar ook bij de voorbereiding al te merken. Als voorbeeld geef ik, als deelnemer, een indruk van de afgelopen week. Op het rooster staat voor deze week Psalm 33 t\/m 39, Handelingen 18 t\/m 28 en Jozua 1 t\/m 12. De psalmen verdienen extra aandacht, en zijn daarom gemarkeerd met de letters ML: meditatief lezen. Dit betekent onder het lezen nadenken over de vraag wat het gelezen gedeelte voor jou zou kunnen betekenen. Hier kun je achter komen door een antwoord te geven op de vragen \u2018Wat zegt dit gedeelte over de persoon van God?\u2019 en \u2018Welke waarden worden in dit gedeelte belangrijk gevonden?\u2019 Bij de psalmen valt ons vaak op hoe menselijk er over God gesproken wordt, en hoe persoonlijk en open de psalmdichter zich tot de Heer wendt. Enkele weken geleden ging de presentatie over de psalmen en sindsdien kijk ik er met andere ogen naar.<\/p>\n<h3>Honderd procent<\/h3>\n<p>Per week kost het lezen ongeveer anderhalf uur, al dan niet verspreid over verschillende dagen. De regelmaat kun je je dus zelf opleggen, maar de ervaring leert dat gespreid lezen op de langere termijn betere resultaten oplevert.<\/p>\n<blockquote>\n<p>Enkele weken geleden ging de presentatie over de psalmen en sindsdien kijk ik er met andere ogen naar.<\/p>\n<\/blockquote>\n<p>Deze overdenking ten spijt moet ik op zaterdag het grootste gedeelte nog doornemen: studie en andere bezigheden nemen doordeweeks veel tijd in beslag. Toch fiets ik zaterdagavond met het voldane besef honderd procent gelezen te hebben naar de kerk. Wanneer er deze avond verdere overeenkomsten met het kloosterleven worden gelegd, zit \u2018m dat behalve in het opdoen van kennis, in de gezamenlijke maaltijden. De deelnemers nemen zelf hun brood mee; verder is er voor iedereen soep.<\/p>\n<h3>Gewoonten<\/h3>\n<p>Na het eten begint dan de eigenlijke bijbel-briefing met de vraag hoe de deelnemers het lezen ervaren hebben. Was dit in het begin vooral van belang voor de organisatie, ondertussen is het eerder een terugkerende gewoonte voor de jongeren geworden. Door op te merken dat \u2018het lezen best wel meevalt\u2019 of juist in te stemmen met degenen die even hun hart luchten, steunen de deelnemers elkaar en kan iedereen er voor komende week weer met frisse moed tegenaan. Ook de volgende bijdrage komt van de jongeren: elke week is er iemand die een impressie verzorgt, een soort overzicht ven opvallende punten en tegelijkertijd een samenvatting. Hoewel ik hetzelfde verhaal net thuis gelezen heb, is het geen dor relaas voor me. Het is bijzonder te zien wat anderen opvalt, wat zij hebben ervaren. Vragen naar aanleiding van de impressie worden beantwoord en anders doorgespeeld naar de oblaten, die komende week via e-mail van zich zullen laten horen.<\/p>\n<h3>Moeilijk onderwerp<\/h3>\n<p>Dan is het tijd voor de spreker. Vandaag is het de beurt aan Ren\u00e9 van Woudenberg, die aan de hand van vijf stellingen het moeilijke onderwerp \u2018Oorlogen in het Oude Testament\u2019 behandelt. Het gaat vooral om de vraag \u2018Waarom krijgt Mozes de opdracht om de in het beloofde land levende volken te vernietigen?\u2019.<\/p>\n<blockquote>\n<p>Het is bijzonder te zien wat anderen opvalt, wat zij hebben ervaren.<\/p>\n<\/blockquote>\n<p>Ik vind het goed dat hij hierbij eerlijk is in zijn verhaal: er zijn vragen waar we het antwoord gewoon niet op weten. De presentatie duurt ongeveer twintig minuten; daarna is er weer gelegenheid tot het stellen van vragen.<\/p>\n<h3>Doel bereikt<\/h3>\n<p>Tijdens het laatste onderdeel, de sneakpreview van Wattez, wordt in vijf tot acht vragen onze kennis getest van het bijbelgedeelte van aankomende week. Dit zorgt vaak voor een komische noot en maakt je nieuwsgierig naar het volgende bijbelgedeelte, zodat de dertien jongeren om acht uur weer aangevuurd naar huis gaan. Overigens bestond de groep in het begin uit vijftien mensen. Dat twee deelnemers gestopt zijn, heeft meer met gebrek aan tijd dan met enthousiasme te maken. Zelf vind ik het ook wel eens veel werk, die dertig pagina\u2019s in de week. Maar ik heb me opgegeven omdat ik de Bijbel altijd al eens helemaal \u2013 en grondig! \u2013 wilde lezen. Met achtergrondinformatie, het aanvuuruur en de uitdaging van de Bijbel-in-een-jaar cursus wordt dit doel zeker bereikt.<\/p>\n<p><strong>Agnes van der Veen<\/strong><\/p>\n<p><em>Deelnemer Bijbel-in-een-jaar cursus Houten (2005-2006)<\/em><\/p>\n<\/div><\/section><\/p><\/div>","protected":false},"excerpt":{"rendered":"","protected":false},"author":2,"featured_media":0,"parent":431,"menu_order":2,"comment_status":"closed","ping_status":"closed","template":"","meta":{"footnotes":""},"class_list":["post-191","page","type-page","status-publish","hentry"],"yoast_head":"<!-- This site is optimized with the Yoast SEO plugin v27.5 - https:\/\/yoast.com\/product\/yoast-seo-wordpress\/ -->\n<title>Een deelnemer schreef ... - Bijbel in 1 jaar<\/title>\n<meta name=\"robots\" content=\"index, follow, max-snippet:-1, max-image-preview:large, max-video-preview:-1\" \/>\n<link rel=\"canonical\" href=\"https:\/\/www.biblein1year.org\/fr\/temoignages\/un-participant-a-ecrit\/\" \/>\n<meta property=\"og:locale\" content=\"fr_FR\" \/>\n<meta property=\"og:type\" content=\"article\" \/>\n<meta property=\"og:title\" content=\"Een deelnemer schreef ... - Bijbel in 1 jaar\" \/>\n<meta property=\"og:url\" content=\"https:\/\/www.biblein1year.org\/fr\/temoignages\/un-participant-a-ecrit\/\" \/>\n<meta property=\"og:site_name\" content=\"Bijbel in 1 jaar\" \/>\n<meta property=\"article:modified_time\" content=\"2024-11-16T21:27:38+00:00\" \/>\n<meta name=\"twitter:card\" content=\"summary_large_image\" \/>\n<meta name=\"twitter:label1\" content=\"Dur\u00e9e de lecture estim\u00e9e\" \/>\n\t<meta name=\"twitter:data1\" content=\"7 minutes\" \/>\n<script type=\"application\/ld+json\" class=\"yoast-schema-graph\">{\"@context\":\"https:\\\/\\\/schema.org\",\"@graph\":[{\"@type\":\"WebPage\",\"@id\":\"https:\\\/\\\/www.biblein1year.org\\\/ervaringen\\\/een-deelnemer-schreef\\\/\",\"url\":\"https:\\\/\\\/www.biblein1year.org\\\/ervaringen\\\/een-deelnemer-schreef\\\/\",\"name\":\"Een deelnemer schreef ... - Bijbel in 1 jaar\",\"isPartOf\":{\"@id\":\"https:\\\/\\\/www.biblein1year.org\\\/#website\"},\"datePublished\":\"2024-05-15T09:56:37+00:00\",\"dateModified\":\"2024-11-16T21:27:38+00:00\",\"breadcrumb\":{\"@id\":\"https:\\\/\\\/www.biblein1year.org\\\/ervaringen\\\/een-deelnemer-schreef\\\/#breadcrumb\"},\"inLanguage\":\"fr-FR\",\"potentialAction\":[{\"@type\":\"ReadAction\",\"target\":[\"https:\\\/\\\/www.biblein1year.org\\\/ervaringen\\\/een-deelnemer-schreef\\\/\"]}]},{\"@type\":\"BreadcrumbList\",\"@id\":\"https:\\\/\\\/www.biblein1year.org\\\/ervaringen\\\/een-deelnemer-schreef\\\/#breadcrumb\",\"itemListElement\":[{\"@type\":\"ListItem\",\"position\":1,\"name\":\"Home\",\"item\":\"https:\\\/\\\/www.biblein1year.org\\\/\"},{\"@type\":\"ListItem\",\"position\":2,\"name\":\"Ervaringen\",\"item\":\"https:\\\/\\\/www.biblein1year.org\\\/ervaringen\\\/\"},{\"@type\":\"ListItem\",\"position\":3,\"name\":\"Een deelnemer schreef &#8230;\"}]},{\"@type\":\"WebSite\",\"@id\":\"https:\\\/\\\/www.biblein1year.org\\\/#website\",\"url\":\"https:\\\/\\\/www.biblein1year.org\\\/\",\"name\":\"Bijbel in 1 jaar\",\"description\":\"\",\"potentialAction\":[{\"@type\":\"SearchAction\",\"target\":{\"@type\":\"EntryPoint\",\"urlTemplate\":\"https:\\\/\\\/www.biblein1year.org\\\/?s={search_term_string}\"},\"query-input\":{\"@type\":\"PropertyValueSpecification\",\"valueRequired\":true,\"valueName\":\"search_term_string\"}}],\"inLanguage\":\"fr-FR\"}]}<\/script>\n<!-- \/ Yoast SEO plugin. -->","yoast_head_json":{"title":"Un participant a \u00e9crit ... - La Bible en 1 an","robots":{"index":"index","follow":"follow","max-snippet":"max-snippet:-1","max-image-preview":"max-image-preview:large","max-video-preview":"max-video-preview:-1"},"canonical":"https:\/\/www.biblein1year.org\/fr\/temoignages\/un-participant-a-ecrit\/","og_locale":"fr_FR","og_type":"article","og_title":"Een deelnemer schreef ... - Bijbel in 1 jaar","og_url":"https:\/\/www.biblein1year.org\/fr\/temoignages\/un-participant-a-ecrit\/","og_site_name":"Bijbel in 1 jaar","article_modified_time":"2024-11-16T21:27:38+00:00","twitter_card":"summary_large_image","twitter_misc":{"Dur\u00e9e de lecture estim\u00e9e":"7 minutes"},"schema":{"@context":"https:\/\/schema.org","@graph":[{"@type":"WebPage","@id":"https:\/\/www.biblein1year.org\/ervaringen\/een-deelnemer-schreef\/","url":"https:\/\/www.biblein1year.org\/ervaringen\/een-deelnemer-schreef\/","name":"Un participant a \u00e9crit ... - La Bible en 1 an","isPartOf":{"@id":"https:\/\/www.biblein1year.org\/#website"},"datePublished":"2024-05-15T09:56:37+00:00","dateModified":"2024-11-16T21:27:38+00:00","breadcrumb":{"@id":"https:\/\/www.biblein1year.org\/ervaringen\/een-deelnemer-schreef\/#breadcrumb"},"inLanguage":"fr-FR","potentialAction":[{"@type":"ReadAction","target":["https:\/\/www.biblein1year.org\/ervaringen\/een-deelnemer-schreef\/"]}]},{"@type":"BreadcrumbList","@id":"https:\/\/www.biblein1year.org\/ervaringen\/een-deelnemer-schreef\/#breadcrumb","itemListElement":[{"@type":"ListItem","position":1,"name":"Home","item":"https:\/\/www.biblein1year.org\/"},{"@type":"ListItem","position":2,"name":"Ervaringen","item":"https:\/\/www.biblein1year.org\/ervaringen\/"},{"@type":"ListItem","position":3,"name":"Een deelnemer schreef &#8230;"}]},{"@type":"WebSite","@id":"https:\/\/www.biblein1year.org\/#website","url":"https:\/\/www.biblein1year.org\/","name":"La Bible en 1 an","description":"","potentialAction":[{"@type":"SearchAction","target":{"@type":"EntryPoint","urlTemplate":"https:\/\/www.biblein1year.org\/?s={search_term_string}"},"query-input":{"@type":"PropertyValueSpecification","valueRequired":true,"valueName":"search_term_string"}}],"inLanguage":"fr-FR"}]}},"_links":{"self":[{"href":"https:\/\/www.biblein1year.org\/fr\/wp-json\/wp\/v2\/pages\/191","targetHints":{"allow":["GET"]}}],"collection":[{"href":"https:\/\/www.biblein1year.org\/fr\/wp-json\/wp\/v2\/pages"}],"about":[{"href":"https:\/\/www.biblein1year.org\/fr\/wp-json\/wp\/v2\/types\/page"}],"author":[{"embeddable":true,"href":"https:\/\/www.biblein1year.org\/fr\/wp-json\/wp\/v2\/users\/2"}],"replies":[{"embeddable":true,"href":"https:\/\/www.biblein1year.org\/fr\/wp-json\/wp\/v2\/comments?post=191"}],"version-history":[{"count":17,"href":"https:\/\/www.biblein1year.org\/fr\/wp-json\/wp\/v2\/pages\/191\/revisions"}],"predecessor-version":[{"id":694,"href":"https:\/\/www.biblein1year.org\/fr\/wp-json\/wp\/v2\/pages\/191\/revisions\/694"}],"up":[{"embeddable":true,"href":"https:\/\/www.biblein1year.org\/fr\/wp-json\/wp\/v2\/pages\/431"}],"wp:attachment":[{"href":"https:\/\/www.biblein1year.org\/fr\/wp-json\/wp\/v2\/media?parent=191"}],"curies":[{"name":"wp","href":"https:\/\/api.w.org\/{rel}","templated":true}]}}